{"id":297,"date":"2018-02-20T17:08:08","date_gmt":"2018-02-20T17:08:08","guid":{"rendered":"https:\/\/www.totalcontec.com\/?page_id=297"},"modified":"2018-02-26T07:11:16","modified_gmt":"2018-02-26T07:11:16","slug":"aluminum-truss","status":"publish","type":"page","link":"https:\/\/www.totalcontec.com\/pt\/aluminum-scaffold\/aluminum-truss\/","title":{"rendered":"Treli\u00e7a de alum\u00ednio"},"content":{"rendered":"<div class=\"fusion-fullwidth fullwidth-box fusion-builder-row-1 fusion-flex-container nonhundred-percent-fullwidth non-hundred-percent-height-scrolling\" style=\"--awb-border-radius-top-left:0px;--awb-border-radius-top-right:0px;--awb-border-radius-bottom-right:0px;--awb-border-radius-bottom-left:0px;--awb-flex-wrap:wrap;\" ><div class=\"fusion-builder-row fusion-row fusion-flex-align-items-flex-start fusion-flex-content-wrap\" style=\"max-width:calc( 1170px + 0px );margin-left: calc(-0px \/ 2 );margin-right: calc(-0px \/ 2 );\"><div class=\"fusion-layout-column fusion_builder_column fusion-builder-column-0 fusion_builder_column_1_1 1_1 fusion-flex-column\" style=\"--awb-bg-size:cover;--awb-width-large:100%;--awb-margin-top-large:0px;--awb-spacing-right-large:0px;--awb-margin-bottom-large:0px;--awb-spacing-left-large:0px;--awb-width-medium:100%;--awb-spacing-right-medium:0px;--awb-spacing-left-medium:0px;--awb-width-small:100%;--awb-spacing-right-small:0px;--awb-spacing-left-small:0px;\"><div class=\"fusion-column-wrapper fusion-flex-justify-content-flex-start fusion-content-layout-column\"><style type=\"text\/css\">.fusion-portfolio-wrapper#fusion-portfolio-1 .fusion-portfolio-content{ padding: 25px 25px 25px 25px; text-align: center; }<\/style><div class=\"fusion-recent-works fusion-portfolio-element fusion-portfolio fusion-portfolio-1 fusion-portfolio-grid fusion-portfolio-paging-infinite fusion-portfolio-three fusion-portfolio-boxed fusion-portfolio-text fusion-portfolio-equal-heights fusion-portfolio-rollover\" data-id=\"-rw-1\" data-columns=\"three\"><div><ul class=\"fusion-filters\" role=\"menu\" aria-label=\"Filtros de Portf\u00f3lio\"><li role=\"presentation\" class=\"fusion-filter fusion-filter-all fusion-active\"><a href=\"#\" data-filter=\"*\" role=\"menuitem\">Tudo<\/a><\/li><li role=\"presentation\" class=\"fusion-filter fusion-hidden\"><a href=\"#\" data-filter=\".aluminum-truss\" role=\"menuitem\">Treli\u00e7a de alum\u00ednio<\/a><\/li><\/ul><\/div><style type=\"text\/css\">.fusion-portfolio-1 .fusion-portfolio-wrapper .fusion-col-spacing{padding:7.5px;}<\/style><div class=\"fusion-portfolio-wrapper\" id=\"fusion-portfolio-1\" data-picturesize=\"auto\" data-pages=\"1\" style=\"margin:-7.5px;\"><article id=\"portfolio-1-post-193\" class=\"fusion-portfolio-post aluminum-truss fusion-col-spacing post-193\"><div class=\"fusion-portfolio-content-wrapper\" style=\"border:1px solid var(--awb-color2);border-bottom-width:3px;background-color:var(--awb-color1);\"><span class=\"vcard rich-snippet-hidden\"><span class=\"fn\"><a href=\"https:\/\/www.totalcontec.com\/pt\/author\/solo\/\" title=\"Artigos de Solo Ju\" rel=\"author\">Solo Ju<\/a><\/span><\/span><span class=\"updated rich-snippet-hidden\">2020-07-14T02:37:29-04:00<\/span><div  class=\"fusion-image-wrapper\" aria-haspopup=\"true\">\n\t\t\t\t<img fetchpriority=\"high\" decoding=\"async\" width=\"600\" height=\"500\" src=\"https:\/\/www.totalcontec.com\/wp-content\/uploads\/2018\/02\/bolted-truss.jpg\" class=\"attachment-full size-full lazyload wp-post-image\" alt=\"treli\u00e7a aparafusada\" srcset=\"data:image\/svg+xml,%3Csvg%20xmlns%3D%27http%3A%2F%2Fwww.w3.org%2F2000%2Fsvg%27%20width%3D%27600%27%20height%3D%27500%27%20viewBox%3D%270%200%20600%20500%27%3E%3Crect%20width%3D%27600%27%20height%3D%27500%27%20fill-opacity%3D%220%22%2F%3E%3C%2Fsvg%3E\" data-orig-src=\"https:\/\/www.totalcontec.com\/wp-content\/uploads\/2018\/02\/bolted-truss.jpg\" data-srcset=\"https:\/\/www.totalcontec.com\/wp-content\/uploads\/2018\/02\/bolted-truss-200x167.jpg 200w, https:\/\/www.totalcontec.com\/wp-content\/uploads\/2018\/02\/bolted-truss-400x333.jpg 400w, https:\/\/www.totalcontec.com\/wp-content\/uploads\/2018\/02\/bolted-truss.jpg 600w\" data-sizes=\"auto\" \/><div class=\"fusion-rollover\">\n\t<div class=\"fusion-rollover-content\">\n\n\t\t\t\t\t\t\t\t\t\t\t\t\t\t<a class=\"fusion-rollover-link\" href=\"https:\/\/www.totalcontec.com\/pt\/portfolio-items\/aluminum-bolted-truss\/\">Treli\u00e7a Aparafusada de Alum\u00ednio<\/a>\n\t\t\t\n\t\t\t\t\t\t\t\t\t\t\t\t\t\t\n\t\t\t\t\t\t\t\t\n\t\t\t\t\t\t\t\t\t\t\t\t\t<div class=\"fusion-rollover-sep\"><\/div>\n\t\t\t\t\n\t\t\t\t\t\t\t\t\t\t\t\t\t\t\t\t\t\t<a class=\"fusion-rollover-gallery\" href=\"https:\/\/www.totalcontec.com\/wp-content\/uploads\/2018\/02\/bolted-truss.jpg\" data-options=\"\" data-id=\"193\" data-rel=\"iLightbox[gallery-rw-1]\" data-title=\"bolted truss\" data-caption=\"\">\n\t\t\t\t\t\tGaleria\t\t\t\t\t<\/a>\n\t\t\t\t\t\t\t\t\t\t\t\t\t\t\n\t\t\n\t\t\t\t\t\t\t\t\t\t\t\t<h4 class=\"fusion-rollover-title\">\n\t\t\t\t\t<a class=\"fusion-rollover-title-link\" href=\"https:\/\/www.totalcontec.com\/pt\/portfolio-items\/aluminum-bolted-truss\/\">\n\t\t\t\t\t\tTreli\u00e7a Aparafusada de Alum\u00ednio\t\t\t\t\t<\/a>\n\t\t\t\t<\/h4>\n\t\t\t\n\t\t\t\t\t\t\t\t\t\t<div class=\"fusion-rollover-categories\"><a href=\"https:\/\/www.totalcontec.com\/pt\/product\/aluminum-truss\/\" rel=\"tag\">Treli\u00e7a de alum\u00ednio<\/a><\/div>\t\t\t\t\t\n\t\t\n\t\t\t\t\t\t<a class=\"fusion-link-wrapper\" href=\"https:\/\/www.totalcontec.com\/pt\/portfolio-items\/aluminum-bolted-truss\/\" aria-label=\"Treli\u00e7a Aparafusada de Alum\u00ednio\"><\/a>\n\t<\/div>\n<\/div>\n<\/div>\n<div class=\"fusion-portfolio-content\" style=\"background-color:var(--awb-color1);\"><h2 class=\"entry-title fusion-post-title\"><a href=\"https:\/\/www.totalcontec.com\/pt\/portfolio-items\/aluminum-bolted-truss\/\">Treli\u00e7a Aparafusada de Alum\u00ednio<\/a><\/h2><div class=\"fusion-post-content\"><\/div><\/div><\/div><\/article><article id=\"portfolio-1-post-205\" class=\"fusion-portfolio-post aluminum-truss fusion-col-spacing post-205\"><div class=\"fusion-portfolio-content-wrapper\" style=\"border:1px solid var(--awb-color2);border-bottom-width:3px;background-color:var(--awb-color1);\"><span class=\"vcard rich-snippet-hidden\"><span class=\"fn\"><a href=\"https:\/\/www.totalcontec.com\/pt\/author\/solo\/\" title=\"Artigos de Solo Ju\" rel=\"author\">Solo Ju<\/a><\/span><\/span><span class=\"updated rich-snippet-hidden\">2020-07-14T02:45:04-04:00<\/span><div  class=\"fusion-image-wrapper\" aria-haspopup=\"true\">\n\t\t\t\t<img decoding=\"async\" width=\"730\" height=\"549\" src=\"https:\/\/www.totalcontec.com\/wp-content\/uploads\/2018\/02\/triangle-spigot-truss.jpg\" class=\"attachment-full size-full lazyload wp-post-image\" alt=\"treli\u00e7a de tri\u00e2ngulo\" srcset=\"data:image\/svg+xml,%3Csvg%20xmlns%3D%27http%3A%2F%2Fwww.w3.org%2F2000%2Fsvg%27%20width%3D%27730%27%20height%3D%27549%27%20viewBox%3D%270%200%20730%20549%27%3E%3Crect%20width%3D%27730%27%20height%3D%27549%27%20fill-opacity%3D%220%22%2F%3E%3C%2Fsvg%3E\" data-orig-src=\"https:\/\/www.totalcontec.com\/wp-content\/uploads\/2018\/02\/triangle-spigot-truss.jpg\" data-srcset=\"https:\/\/www.totalcontec.com\/wp-content\/uploads\/2018\/02\/triangle-spigot-truss-200x150.jpg 200w, https:\/\/www.totalcontec.com\/wp-content\/uploads\/2018\/02\/triangle-spigot-truss-400x301.jpg 400w, https:\/\/www.totalcontec.com\/wp-content\/uploads\/2018\/02\/triangle-spigot-truss-600x451.jpg 600w, https:\/\/www.totalcontec.com\/wp-content\/uploads\/2018\/02\/triangle-spigot-truss.jpg 730w\" data-sizes=\"auto\" \/><div class=\"fusion-rollover\">\n\t<div class=\"fusion-rollover-content\">\n\n\t\t\t\t\t\t\t\t\t\t\t\t\t\t<a class=\"fusion-rollover-link\" href=\"https:\/\/www.totalcontec.com\/pt\/portfolio-items\/aluminum-spigot-truss\/\">Espiga de Alum\u00ednio<\/a>\n\t\t\t\n\t\t\t\t\t\t\t\t\t\t\t\t\t\t\n\t\t\t\t\t\t\t\t\n\t\t\t\t\t\t\t\t\t\t\t\t\t<div class=\"fusion-rollover-sep\"><\/div>\n\t\t\t\t\n\t\t\t\t\t\t\t\t\t\t\t\t\t\t\t\t\t\t<a class=\"fusion-rollover-gallery\" href=\"https:\/\/www.totalcontec.com\/wp-content\/uploads\/2018\/02\/triangle-spigot-truss.jpg\" data-options=\"\" data-id=\"205\" data-rel=\"iLightbox[gallery-rw-1]\" data-title=\"triangle spigot truss\" data-caption=\"\">\n\t\t\t\t\t\tGaleria\t\t\t\t\t<\/a>\n\t\t\t\t\t\t\t\t\t\t\t\t\t\t\n\t\t\n\t\t\t\t\t\t\t\t\t\t\t\t<h4 class=\"fusion-rollover-title\">\n\t\t\t\t\t<a class=\"fusion-rollover-title-link\" href=\"https:\/\/www.totalcontec.com\/pt\/portfolio-items\/aluminum-spigot-truss\/\">\n\t\t\t\t\t\tEspiga de Alum\u00ednio\t\t\t\t\t<\/a>\n\t\t\t\t<\/h4>\n\t\t\t\n\t\t\t\t\t\t\t\t\t\t<div class=\"fusion-rollover-categories\"><a href=\"https:\/\/www.totalcontec.com\/pt\/product\/aluminum-truss\/\" rel=\"tag\">Treli\u00e7a de alum\u00ednio<\/a><\/div>\t\t\t\t\t\n\t\t\n\t\t\t\t\t\t<a class=\"fusion-link-wrapper\" href=\"https:\/\/www.totalcontec.com\/pt\/portfolio-items\/aluminum-spigot-truss\/\" aria-label=\"Espiga de Alum\u00ednio\"><\/a>\n\t<\/div>\n<\/div>\n<\/div>\n<div class=\"fusion-portfolio-content\" style=\"background-color:var(--awb-color1);\"><h2 class=\"entry-title fusion-post-title\"><a href=\"https:\/\/www.totalcontec.com\/pt\/portfolio-items\/aluminum-spigot-truss\/\">Espiga de Alum\u00ednio<\/a><\/h2><div class=\"fusion-post-content\"><\/div><\/div><\/div><\/article><article id=\"portfolio-1-post-201\" class=\"fusion-portfolio-post aluminum-truss fusion-col-spacing post-201\"><div class=\"fusion-portfolio-content-wrapper\" style=\"border:1px solid var(--awb-color2);border-bottom-width:3px;background-color:var(--awb-color1);\"><span class=\"vcard rich-snippet-hidden\"><span class=\"fn\"><a href=\"https:\/\/www.totalcontec.com\/pt\/author\/solo\/\" title=\"Artigos de Solo Ju\" rel=\"author\">Solo Ju<\/a><\/span><\/span><span class=\"updated rich-snippet-hidden\">2018-03-16T12:34:36-04:00<\/span><div  class=\"fusion-image-wrapper\" aria-haspopup=\"true\">\n\t\t\t\t<img decoding=\"async\" width=\"258\" height=\"250\" src=\"https:\/\/www.totalcontec.com\/wp-content\/uploads\/2018\/02\/3-way-corner.jpg\" class=\"attachment-full size-full lazyload wp-post-image\" alt=\"Canto de 3 vias para treli\u00e7a de alum\u00ednio\" srcset=\"data:image\/svg+xml,%3Csvg%20xmlns%3D%27http%3A%2F%2Fwww.w3.org%2F2000%2Fsvg%27%20width%3D%27258%27%20height%3D%27250%27%20viewBox%3D%270%200%20258%20250%27%3E%3Crect%20width%3D%27258%27%20height%3D%27250%27%20fill-opacity%3D%220%22%2F%3E%3C%2Fsvg%3E\" data-orig-src=\"https:\/\/www.totalcontec.com\/wp-content\/uploads\/2018\/02\/3-way-corner.jpg\" data-srcset=\"https:\/\/www.totalcontec.com\/wp-content\/uploads\/2018\/02\/3-way-corner-200x194.jpg 200w, https:\/\/www.totalcontec.com\/wp-content\/uploads\/2018\/02\/3-way-corner.jpg 258w\" data-sizes=\"auto\" \/><div class=\"fusion-rollover\">\n\t<div class=\"fusion-rollover-content\">\n\n\t\t\t\t\t\t\t\t\t\t\t\t\t\t<a class=\"fusion-rollover-link\" href=\"https:\/\/www.totalcontec.com\/pt\/portfolio-items\/aluminum-truss-accessories\/\">Acess\u00f3rios para treli\u00e7as de alum\u00ednio<\/a>\n\t\t\t\n\t\t\t\t\t\t\t\t\t\t\t\t\t\t\n\t\t\t\t\t\t\t\t\n\t\t\t\t\t\t\t\t\t\t\t\t\t<div class=\"fusion-rollover-sep\"><\/div>\n\t\t\t\t\n\t\t\t\t\t\t\t\t\t\t\t\t\t\t\t\t\t\t<a class=\"fusion-rollover-gallery\" href=\"https:\/\/www.totalcontec.com\/wp-content\/uploads\/2018\/02\/3-way-corner.jpg\" data-options=\"\" data-id=\"201\" data-rel=\"iLightbox[gallery-rw-1]\" data-title=\"3 way corner for alu truss\" data-caption=\"\">\n\t\t\t\t\t\tGaleria\t\t\t\t\t<\/a>\n\t\t\t\t\t\t\t\t\t\t\t\t\t\t\n\t\t\n\t\t\t\t\t\t\t\t\t\t\t\t<h4 class=\"fusion-rollover-title\">\n\t\t\t\t\t<a class=\"fusion-rollover-title-link\" href=\"https:\/\/www.totalcontec.com\/pt\/portfolio-items\/aluminum-truss-accessories\/\">\n\t\t\t\t\t\tAcess\u00f3rios para treli\u00e7as de alum\u00ednio\t\t\t\t\t<\/a>\n\t\t\t\t<\/h4>\n\t\t\t\n\t\t\t\t\t\t\t\t\t\t<div class=\"fusion-rollover-categories\"><a href=\"https:\/\/www.totalcontec.com\/pt\/product\/aluminum-truss\/\" rel=\"tag\">Treli\u00e7a de alum\u00ednio<\/a><\/div>\t\t\t\t\t\n\t\t\n\t\t\t\t\t\t<a class=\"fusion-link-wrapper\" href=\"https:\/\/www.totalcontec.com\/pt\/portfolio-items\/aluminum-truss-accessories\/\" aria-label=\"Acess\u00f3rios para treli\u00e7as de alum\u00ednio\"><\/a>\n\t<\/div>\n<\/div>\n<\/div>\n<div class=\"fusion-portfolio-content\" style=\"background-color:var(--awb-color1);\"><h2 class=\"entry-title fusion-post-title\"><a href=\"https:\/\/www.totalcontec.com\/pt\/portfolio-items\/aluminum-truss-accessories\/\">Acess\u00f3rios para treli\u00e7as de alum\u00ednio<\/a><\/h2><div class=\"fusion-post-content\"><\/div><\/div><\/div><\/article><\/div><\/div><\/div><\/div><\/div><\/div>","protected":false},"excerpt":{"rendered":"","protected":false},"author":1,"featured_media":0,"parent":21,"menu_order":21,"comment_status":"closed","ping_status":"closed","template":"","meta":{"_seopress_robots_primary_cat":"","_seopress_titles_title":"","_seopress_titles_desc":"Manufactured from high-grade and lightweight aluminum which is easy for transportation and setup. It is used to Expo bath and public events.","_seopress_robots_index":"","footnotes":""},"class_list":["post-297","page","type-page","status-publish","hentry"],"_links":{"self":[{"href":"https:\/\/www.totalcontec.com\/pt\/wp-json\/wp\/v2\/pages\/297","targetHints":{"allow":["GET"]}}],"collection":[{"href":"https:\/\/www.totalcontec.com\/pt\/wp-json\/wp\/v2\/pages"}],"about":[{"href":"https:\/\/www.totalcontec.com\/pt\/wp-json\/wp\/v2\/types\/page"}],"author":[{"embeddable":true,"href":"https:\/\/www.totalcontec.com\/pt\/wp-json\/wp\/v2\/users\/1"}],"replies":[{"embeddable":true,"href":"https:\/\/www.totalcontec.com\/pt\/wp-json\/wp\/v2\/comments?post=297"}],"version-history":[{"count":0,"href":"https:\/\/www.totalcontec.com\/pt\/wp-json\/wp\/v2\/pages\/297\/revisions"}],"up":[{"embeddable":true,"href":"https:\/\/www.totalcontec.com\/pt\/wp-json\/wp\/v2\/pages\/21"}],"wp:attachment":[{"href":"https:\/\/www.totalcontec.com\/pt\/wp-json\/wp\/v2\/media?parent=297"}],"curies":[{"name":"wp","href":"https:\/\/api.w.org\/{rel}","templated":true}]}}